{"id":127,"date":"2017-10-08T18:48:08","date_gmt":"2017-10-08T18:48:08","guid":{"rendered":"http:\/\/www.hollufhave.dk\/?page_id=127"},"modified":"2026-02-18T18:13:36","modified_gmt":"2026-02-18T17:13:36","slug":"beboer-information","status":"publish","type":"page","link":"https:\/\/www.hollufhave.dk\/?page_id=127","title":{"rendered":"Beboer Information"},"content":{"rendered":"<p>[et_pb_section fb_built=&#8221;1&#8243; admin_label=&#8221;section&#8221; _builder_version=&#8221;4.16&#8243; custom_padding=&#8221;26px|0px|0px|0px&#8221; global_colors_info=&#8221;{}&#8221;][et_pb_row admin_label=&#8221;row&#8221; _builder_version=&#8221;4.16&#8243; background_size=&#8221;initial&#8221; background_position=&#8221;top_left&#8221; background_repeat=&#8221;repeat&#8221; custom_padding=&#8221;27px|0px|29px|0px&#8221; global_colors_info=&#8221;{}&#8221;][et_pb_column type=&#8221;4_4&#8243; _builder_version=&#8221;4.16&#8243; custom_padding=&#8221;|||&#8221; global_colors_info=&#8221;{}&#8221; custom_padding__hover=&#8221;|||&#8221;][et_pb_post_title meta=&#8221;off&#8221; featured_image=&#8221;off&#8221; _builder_version=&#8221;4.16&#8243; text_orientation=&#8221;center&#8221; global_colors_info=&#8221;{}&#8221;][\/et_pb_post_title][\/et_pb_column][\/et_pb_row][et_pb_row _builder_version=&#8221;4.16&#8243; custom_padding=&#8221;0px|0px|27px|0px&#8221; global_colors_info=&#8221;{}&#8221;][et_pb_column type=&#8221;4_4&#8243; _builder_version=&#8221;4.16&#8243; custom_padding=&#8221;|||&#8221; global_colors_info=&#8221;{}&#8221; custom_padding__hover=&#8221;|||&#8221;][et_pb_blurb _builder_version=&#8221;4.16&#8243; global_colors_info=&#8221;{}&#8221;]<\/p>\n<p>I forbindelse med indflytning, er det vigtigt, at du husker at lave mangelliste. Skulle du konstatere fejl eller mangler i din bolig, er det vigtigt, at du kontakter driftscentret for at f\u00e5 det rettet eller skrevet p\u00e5 mangellisten.<\/p>\n<p>Du er altid velkommen til at rette henvendelse til afdelingsbestyrelsen og f\u00e5 en snak om, hvad der er praksis i Holluf Have.<\/p>\n<p>[\/et_pb_blurb][\/et_pb_column][\/et_pb_row][\/et_pb_section][et_pb_section fb_built=&#8221;1&#8243; fullwidth=&#8221;on&#8221; _builder_version=&#8221;4.16&#8243; global_colors_info=&#8221;{}&#8221;][et_pb_fullwidth_image _builder_version=&#8221;4.16&#8243; global_colors_info=&#8221;{}&#8221;][\/et_pb_fullwidth_image][\/et_pb_section][et_pb_section fb_built=&#8221;1&#8243; fullwidth=&#8221;on&#8221; _builder_version=&#8221;4.16&#8243; custom_padding=&#8221;0px|0px|2px|0px&#8221; global_colors_info=&#8221;{}&#8221;][et_pb_fullwidth_image _builder_version=&#8221;4.16&#8243; background_image=&#8221;https:\/\/www.hollufhave.dk\/wp-content\/uploads\/2017\/10\/S5031545.jpg&#8221; custom_margin=&#8221;|||&#8221; custom_padding=&#8221;||550px|&#8221; global_colors_info=&#8221;{}&#8221;][\/et_pb_fullwidth_image][\/et_pb_section][et_pb_section fb_built=&#8221;1&#8243; _builder_version=&#8221;4.16&#8243; custom_padding=&#8221;0px|0px|54px|0px&#8221; global_colors_info=&#8221;{}&#8221;][et_pb_row column_structure=&#8221;1_2,1_2&#8243; _builder_version=&#8221;4.16&#8243; global_colors_info=&#8221;{}&#8221;][et_pb_column type=&#8221;1_2&#8243; _builder_version=&#8221;4.16&#8243; custom_padding=&#8221;|||&#8221; global_colors_info=&#8221;{}&#8221; custom_padding__hover=&#8221;|||&#8221;][et_pb_blurb title=&#8221;R\u00e5deret&#8221; _builder_version=&#8221;4.16&#8243; global_colors_info=&#8221;{}&#8221;]<\/p>\n<p style=\"text-align: justify;\">Du har en lovgivningsm\u00e6ssig ret til at \u00e6ndre og forbedre din bolig, herunder forbedre k\u00f8kken og bad mv.. I vores afdeling har du en udvidet r\u00e5deret til at foretage forskellige \u00e6ndringer\/forbedringer uden for boligen, f.eks. har du ret til at bygge til\/etablere udestue mv. Inden du g\u00e5r i gang skal du have en skriftlig aftale med CIVICA. Nogle \u00e6ndringer skal desuden byggesagsbehandles ved kommunen. Til alle lejem\u00e5l h\u00f8rer en dejlig have med mulighed for helt selv at bestemme, om den skal benyttes til afslapning, k\u00f8kkenhave, eller hvad man nu syntes, der skal v\u00e6re.<\/p>\n<p>[\/et_pb_blurb][\/et_pb_column][et_pb_column type=&#8221;1_2&#8243; _builder_version=&#8221;4.16&#8243; custom_padding=&#8221;|||&#8221; global_colors_info=&#8221;{}&#8221; custom_padding__hover=&#8221;|||&#8221;][et_pb_blurb title=&#8221;Genbrugsstation og affaldssortering&#8221; _builder_version=&#8221;4.16&#8243; global_colors_info=&#8221;{}&#8221;]<\/p>\n<p style=\"text-align: justify;\">N\u00e5r man bor i Holluf Have kan man aflevere n\u00e6sten alt genbrugeligt materiale p\u00e5 afdelingens genbrugsstation og man kan tage ting med igen, som man kan bruge. Der er ogs\u00e5 en trailer som man kan l\u00e5ne, hvis man tager et l\u00e6s med. Tal med pladsfolkene herom. Pladsen er bemandet af 5 beboere, som holder \u00e5bent hver onsdag kl. 18.00-18.30 og hver l\u00f8rdag kl. 11.00-12.00.<\/p>\n<p style=\"text-align: justify;\">\n<p>[\/et_pb_blurb][\/et_pb_column][\/et_pb_row][et_pb_row column_structure=&#8221;1_2,1_2&#8243; _builder_version=&#8221;4.16&#8243; global_colors_info=&#8221;{}&#8221;][et_pb_column type=&#8221;1_2&#8243; _builder_version=&#8221;4.16&#8243; custom_padding=&#8221;|||&#8221; global_colors_info=&#8221;{}&#8221; custom_padding__hover=&#8221;|||&#8221;][et_pb_blurb title=&#8221;TV og Internet&#8221; _builder_version=&#8221;4.16&#8243; global_colors_info=&#8221;{}&#8221;]<\/p>\n<p style=\"text-align: justify;\">Vedr\u00f8rende TV og Internet skal man selv rette henvendelse til den enklte udbyder som du \u00f8nsker at lave aftale med.. Der er indlagt fibernet i afdelingen.<\/p>\n<p style=\"text-align: justify;\">\n<p>[\/et_pb_blurb][\/et_pb_column][et_pb_column type=&#8221;1_2&#8243; _builder_version=&#8221;4.16&#8243; custom_padding=&#8221;|||&#8221; global_colors_info=&#8221;{}&#8221; custom_padding__hover=&#8221;|||&#8221;][et_pb_blurb title=&#8221;Aktiviteter&#8221; _builder_version=&#8221;4.16&#8243; global_colors_info=&#8221;{}&#8221;]<\/p>\n<p style=\"text-align: justify;\">F\u00e6lleshuset kan danne ramme om flere forskellige aktiviteter. S\u00e5 hvis du har overskud og har f\u00e5et en god id\u00e9, der kan gavne dine medbeboere i Holluf Have, er der store muligheder for udfoldelser af forskellig art i vores f\u00e6lleshus.<\/p>\n<p style=\"text-align: justify;\">Afdelingsbestyrelsen vil gerne bist\u00e5 med gode r\u00e5d og st\u00f8tte.<\/p>\n<p style=\"text-align: justify;\">\n<p>[\/et_pb_blurb][\/et_pb_column][\/et_pb_row][et_pb_row column_structure=&#8221;1_2,1_2&#8243; _builder_version=&#8221;4.16&#8243; custom_padding=&#8221;26.637500762939453px|0px|26px|0px&#8221; global_colors_info=&#8221;{}&#8221;][et_pb_column type=&#8221;1_2&#8243; _builder_version=&#8221;4.16&#8243; custom_padding=&#8221;|||&#8221; global_colors_info=&#8221;{}&#8221; custom_padding__hover=&#8221;|||&#8221;][et_pb_blurb title=&#8221;Vaskeri&#8221; _builder_version=&#8221;4.27.4&#8243; min_height=&#8221;59.8px&#8221; custom_margin=&#8221;-20px|||||&#8221; hover_enabled=&#8221;0&#8243; global_colors_info=&#8221;{}&#8221; sticky_enabled=&#8221;0&#8243;]<\/p>\n<p>Hollufhave har et f\u00e6llesvaskeri, hvor man ved brug af en Miele-app kan reservere og booke vasketider,<br \/>samt se sit forbrug mv. Kode f\u00e5s ved henvendelse til driftcenret.<\/p>\n<p>[\/et_pb_blurb][\/et_pb_column][et_pb_column type=&#8221;1_2&#8243; _builder_version=&#8221;4.16&#8243; custom_padding=&#8221;|||&#8221; global_colors_info=&#8221;{}&#8221; custom_padding__hover=&#8221;|||&#8221;][\/et_pb_column][\/et_pb_row][\/et_pb_section][et_pb_section fb_built=&#8221;1&#8243; fullwidth=&#8221;on&#8221; _builder_version=&#8221;4.16&#8243; custom_padding=&#8221;0px|0px|2px|0px&#8221; global_colors_info=&#8221;{}&#8221;][et_pb_fullwidth_image _builder_version=&#8221;4.16&#8243; background_image=&#8221;https:\/\/www.hollufhave.dk\/wp-content\/uploads\/2017\/10\/S5031546.jpg&#8221; custom_margin=&#8221;|||&#8221; custom_padding=&#8221;||550px|&#8221; global_colors_info=&#8221;{}&#8221;][\/et_pb_fullwidth_image][\/et_pb_section][et_pb_section fb_built=&#8221;1&#8243; _builder_version=&#8221;4.16&#8243; custom_padding=&#8221;0px|0px|54px|0px&#8221; global_colors_info=&#8221;{}&#8221;][et_pb_row _builder_version=&#8221;4.16&#8243; custom_padding=&#8221;27px|0px|0px|0px&#8221; global_colors_info=&#8221;{}&#8221;][et_pb_column type=&#8221;4_4&#8243; _builder_version=&#8221;4.16&#8243; custom_padding=&#8221;|||&#8221; global_colors_info=&#8221;{}&#8221; custom_padding__hover=&#8221;|||&#8221;][et_pb_blurb _builder_version=&#8221;4.16&#8243; global_colors_info=&#8221;{}&#8221;]<\/p>\n<h2 style=\"text-align: center;\">Vigtige informationer og dokumenter<\/h2>\n<p>[\/et_pb_blurb][\/et_pb_column][\/et_pb_row][et_pb_row _builder_version=&#8221;4.16&#8243; custom_padding=&#8221;0px|0px|27px|0px&#8221; global_colors_info=&#8221;{}&#8221;][et_pb_column type=&#8221;4_4&#8243; _builder_version=&#8221;4.16&#8243; custom_padding=&#8221;|||&#8221; global_colors_info=&#8221;{}&#8221; custom_padding__hover=&#8221;|||&#8221;][et_pb_blurb _builder_version=&#8221;4.16&#8243; global_colors_info=&#8221;{}&#8221;]<\/p>\n<p style=\"text-align: justify;\">For at s\u00f8rge for beboerne altid har de bedst opdaterede informationer linkes der til Civicas hjemmeside. Her kan der findes de seneste versioner af dokumenterne for Regnskab og budget, Husorden, Vedligeholdelse- og fraflytningsreglement, samt r\u00e5deretsregler. Informationer kan findes <a href=\"https:\/\/civica.dk\/selskabs-og-afdelingshjemmesider\/civica\/afdelinger\/holluf-have\/dokumenter\/\" target=\"_blank\" rel=\"noopener noreferrer\">her<\/a>. Selve foreningens hovedside kan findes <a href=\"https:\/\/civica.dk\/selskabs-og-afdelingshjemmesider\/civica\/afdelinger\/holluf-have\/\">her<\/a>.<\/p>\n<p>[\/et_pb_blurb][\/et_pb_column][\/et_pb_row][\/et_pb_section]<\/p>\n","protected":false},"excerpt":{"rendered":"<p>I forbindelse med indflytning, er det vigtigt, at du husker at lave mangelliste. Skulle du konstatere fejl eller mangler i din bolig, er det vigtigt, at du kontakter driftscentret for at f\u00e5 det rettet eller skrevet p\u00e5 mangellisten. Du er altid velkommen til at rette henvendelse til afdelingsbestyrelsen og f\u00e5 en snak om, hvad der [&hellip;]<\/p>\n","protected":false},"author":1,"featured_media":0,"parent":0,"menu_order":0,"comment_status":"closed","ping_status":"closed","template":"","meta":{"_et_pb_use_builder":"on","_et_pb_old_content":"","_et_gb_content_width":"","footnotes":""},"class_list":["post-127","page","type-page","status-publish","hentry"],"_links":{"self":[{"href":"https:\/\/www.hollufhave.dk\/index.php?rest_route=\/wp\/v2\/pages\/127","targetHints":{"allow":["GET"]}}],"collection":[{"href":"https:\/\/www.hollufhave.dk\/index.php?rest_route=\/wp\/v2\/pages"}],"about":[{"href":"https:\/\/www.hollufhave.dk\/index.php?rest_route=\/wp\/v2\/types\/page"}],"author":[{"embeddable":true,"href":"https:\/\/www.hollufhave.dk\/index.php?rest_route=\/wp\/v2\/users\/1"}],"replies":[{"embeddable":true,"href":"https:\/\/www.hollufhave.dk\/index.php?rest_route=%2Fwp%2Fv2%2Fcomments&post=127"}],"version-history":[{"count":14,"href":"https:\/\/www.hollufhave.dk\/index.php?rest_route=\/wp\/v2\/pages\/127\/revisions"}],"predecessor-version":[{"id":965,"href":"https:\/\/www.hollufhave.dk\/index.php?rest_route=\/wp\/v2\/pages\/127\/revisions\/965"}],"wp:attachment":[{"href":"https:\/\/www.hollufhave.dk\/index.php?rest_route=%2Fwp%2Fv2%2Fmedia&parent=127"}],"curies":[{"name":"wp","href":"https:\/\/api.w.org\/{rel}","templated":true}]}}