{"id":107,"date":"2017-10-08T17:08:28","date_gmt":"2017-10-08T17:08:28","guid":{"rendered":"http:\/\/www.hollufhave.dk\/?page_id=107"},"modified":"2026-02-18T18:51:48","modified_gmt":"2026-02-18T17:51:48","slug":"bestyrelsen","status":"publish","type":"page","link":"https:\/\/www.hollufhave.dk\/?page_id=107","title":{"rendered":"Bestyrelsen"},"content":{"rendered":"<p>[et_pb_section fb_built=&#8221;1&#8243; admin_label=&#8221;section&#8221; _builder_version=&#8221;4.16&#8243; custom_padding=&#8221;54px|0px|2px|0px&#8221; global_colors_info=&#8221;{}&#8221;][et_pb_row admin_label=&#8221;row&#8221; _builder_version=&#8221;4.16&#8243; background_size=&#8221;initial&#8221; background_position=&#8221;top_left&#8221; background_repeat=&#8221;repeat&#8221; global_colors_info=&#8221;{}&#8221;][et_pb_column type=&#8221;4_4&#8243; _builder_version=&#8221;4.16&#8243; custom_padding=&#8221;|||&#8221; global_colors_info=&#8221;{}&#8221; custom_padding__hover=&#8221;|||&#8221;][et_pb_post_title meta=&#8221;off&#8221; featured_image=&#8221;off&#8221; _builder_version=&#8221;4.16&#8243; text_orientation=&#8221;center&#8221; global_colors_info=&#8221;{}&#8221;][\/et_pb_post_title][et_pb_blurb _builder_version=&#8221;4.16&#8243; global_colors_info=&#8221;{}&#8221;]<\/p>\n<p style=\"text-align: justify;\">Afdelingsbestyrelsen har tr\u00e6ffetid den f\u00f8rste time p\u00e5 m\u00f8derne.<\/p>\n<p style=\"text-align: justify;\">Du er ogs\u00e5 velkommen til at kontakte os pr. tlf. eller mail. Se under menupunktet &#8220;Kontakt&#8221;.<\/p>\n<p style=\"text-align: justify;\">Husk at leje af f\u00e6lleshus og g\u00e6stev\u00e6relse foreg\u00e5r ved personlig henvendelse, hver onsdag kl. 18.30-19.00 i f\u00e6lleshuset.<\/p>\n<p style=\"text-align: justify;\">Bestyrelsen best\u00e5r af f\u00f8lgende:<\/p>\n<p>[\/et_pb_blurb][\/et_pb_column][\/et_pb_row][et_pb_row column_structure=&#8221;1_3,1_3,1_3&#8243; _builder_version=&#8221;4.16&#8243; global_colors_info=&#8221;{}&#8221;][et_pb_column type=&#8221;1_3&#8243; _builder_version=&#8221;4.16&#8243; custom_padding=&#8221;|||&#8221; global_colors_info=&#8221;{}&#8221; custom_padding__hover=&#8221;|||&#8221;][et_pb_team_member name=&#8221;Flemming Jensen&#8221; position=&#8221;Formand&#8221; _builder_version=&#8221;4.16&#8243; global_colors_info=&#8221;{}&#8221;][\/et_pb_team_member][et_pb_team_member name=&#8221;Susanne \u00d8sterkj\u00e6rhuus&#8221; position=&#8221;Bestyrelsesmedlem&#8221; _builder_version=&#8221;4.27.4&#8243; global_colors_info=&#8221;{}&#8221;][\/et_pb_team_member][\/et_pb_column][et_pb_column type=&#8221;1_3&#8243; _builder_version=&#8221;4.16&#8243; custom_padding=&#8221;|||&#8221; global_colors_info=&#8221;{}&#8221; custom_padding__hover=&#8221;|||&#8221;][et_pb_team_member name=&#8221;Rasmus Raabjerg&#8221; position=&#8221;Bestyrelsesmedlem&#8221; _builder_version=&#8221;4.27.4&#8243; global_colors_info=&#8221;{}&#8221;][\/et_pb_team_member][\/et_pb_column][et_pb_column type=&#8221;1_3&#8243; _builder_version=&#8221;4.16&#8243; custom_padding=&#8221;|||&#8221; global_colors_info=&#8221;{}&#8221; custom_padding__hover=&#8221;|||&#8221;][et_pb_team_member name=&#8221;Louise Nielsen&#8221; position=&#8221;Bestyrelsesmedlem&#8221; admin_label=&#8221;Susanne \u00d8sterkj\u00e6rhuus&#8221; _builder_version=&#8221;4.27.4&#8243; global_colors_info=&#8221;{}&#8221;][\/et_pb_team_member][et_pb_team_member name=&#8221;Betina S\u00f8rensen&#8221; position=&#8221;Bestyrelsesmedlem&#8221; admin_label=&#8221;Susanne \u00d8sterkj\u00e6rhuus&#8221; _builder_version=&#8221;4.27.4&#8243; global_colors_info=&#8221;{}&#8221;][\/et_pb_team_member][et_pb_team_member name=&#8221;Elias Vinter&#8221; position=&#8221;Suppleant&#8221; _builder_version=&#8221;4.27.4&#8243; global_colors_info=&#8221;{}&#8221;][\/et_pb_team_member][et_pb_team_member _builder_version=&#8221;4.16&#8243; global_colors_info=&#8221;{}&#8221;][\/et_pb_team_member][\/et_pb_column][\/et_pb_row][\/et_pb_section][et_pb_section fb_built=&#8221;1&#8243; fullwidth=&#8221;on&#8221; _builder_version=&#8221;4.16&#8243; global_colors_info=&#8221;{}&#8221;][\/et_pb_section][et_pb_section fb_built=&#8221;1&#8243; _builder_version=&#8221;4.16&#8243; custom_padding=&#8221;54px|0px|0|0px|false|false&#8221; global_colors_info=&#8221;{}&#8221;][et_pb_row _builder_version=&#8221;4.27.4&#8243; custom_padding=&#8221;|0px||0px|true|false&#8221; global_colors_info=&#8221;{}&#8221;][et_pb_column type=&#8221;4_4&#8243; _builder_version=&#8221;4.16&#8243; custom_padding=&#8221;|||&#8221; global_colors_info=&#8221;{}&#8221; custom_padding__hover=&#8221;|||&#8221;][\/et_pb_column][\/et_pb_row][\/et_pb_section][et_pb_section fb_built=&#8221;1&#8243; _builder_version=&#8221;4.16&#8243; custom_padding=&#8221;0px|0px|54px|0px&#8221; global_colors_info=&#8221;{}&#8221;][et_pb_row _builder_version=&#8221;4.16&#8243; custom_padding=&#8221;27px|0px|26px|0px|false|false&#8221; global_colors_info=&#8221;{}&#8221;][et_pb_column type=&#8221;4_4&#8243; _builder_version=&#8221;4.16&#8243; custom_padding=&#8221;|||&#8221; global_colors_info=&#8221;{}&#8221; custom_padding__hover=&#8221;|||&#8221;][et_pb_blurb _builder_version=&#8221;4.27.4&#8243; global_colors_info=&#8221;{}&#8221;]<\/p>\n<h2 style=\"text-align: center;\">Dagsordner, referater, regnskaber og budgetter<\/h2>\n<p>[\/et_pb_blurb][et_pb_blurb _builder_version=&#8221;4.27.4&#8243; custom_padding=&#8221;27px|||||&#8221; hover_enabled=&#8221;0&#8243; global_colors_info=&#8221;{}&#8221; sticky_enabled=&#8221;0&#8243;]<\/p>\n<p><strong>Referater, dagsordner, regnskaber og budgetter<\/strong><br \/><strong>kan findes p\u00e5 Civicas hjemmeside. tryg <a href=\"https:\/\/civica.dk\/selskabs-og-afdelingshjemmesider\/civica\/afdelinger\/holluf-have\/dokumenter\/\">\u00a0her<\/a>.<\/strong><\/p>\n<p>[\/et_pb_blurb][\/et_pb_column][\/et_pb_row][\/et_pb_section]<\/p>\n","protected":false},"excerpt":{"rendered":"<p>Afdelingsbestyrelsen har tr\u00e6ffetid den f\u00f8rste time p\u00e5 m\u00f8derne. Du er ogs\u00e5 velkommen til at kontakte os pr. tlf. eller mail. Se under menupunktet &#8220;Kontakt&#8221;. Husk at leje af f\u00e6lleshus og g\u00e6stev\u00e6relse foreg\u00e5r ved personlig henvendelse, hver onsdag kl. 18.30-19.00 i f\u00e6lleshuset. Bestyrelsen best\u00e5r af f\u00f8lgende:Dagsordner, referater, regnskaber og budgetterReferater, dagsordner, regnskaber og budgetterkan findes p\u00e5 [&hellip;]<\/p>\n","protected":false},"author":1,"featured_media":0,"parent":0,"menu_order":0,"comment_status":"closed","ping_status":"closed","template":"","meta":{"_et_pb_use_builder":"on","_et_pb_old_content":"","_et_gb_content_width":"","footnotes":""},"class_list":["post-107","page","type-page","status-publish","hentry"],"_links":{"self":[{"href":"https:\/\/www.hollufhave.dk\/index.php?rest_route=\/wp\/v2\/pages\/107","targetHints":{"allow":["GET"]}}],"collection":[{"href":"https:\/\/www.hollufhave.dk\/index.php?rest_route=\/wp\/v2\/pages"}],"about":[{"href":"https:\/\/www.hollufhave.dk\/index.php?rest_route=\/wp\/v2\/types\/page"}],"author":[{"embeddable":true,"href":"https:\/\/www.hollufhave.dk\/index.php?rest_route=\/wp\/v2\/users\/1"}],"replies":[{"embeddable":true,"href":"https:\/\/www.hollufhave.dk\/index.php?rest_route=%2Fwp%2Fv2%2Fcomments&post=107"}],"version-history":[{"count":30,"href":"https:\/\/www.hollufhave.dk\/index.php?rest_route=\/wp\/v2\/pages\/107\/revisions"}],"predecessor-version":[{"id":974,"href":"https:\/\/www.hollufhave.dk\/index.php?rest_route=\/wp\/v2\/pages\/107\/revisions\/974"}],"wp:attachment":[{"href":"https:\/\/www.hollufhave.dk\/index.php?rest_route=%2Fwp%2Fv2%2Fmedia&parent=107"}],"curies":[{"name":"wp","href":"https:\/\/api.w.org\/{rel}","templated":true}]}}