{"id":102,"date":"2017-10-08T17:08:09","date_gmt":"2017-10-08T17:08:09","guid":{"rendered":"http:\/\/www.hollufhave.dk\/?page_id=102"},"modified":"2024-05-29T10:20:19","modified_gmt":"2024-05-29T08:20:19","slug":"kontakt","status":"publish","type":"page","link":"https:\/\/www.hollufhave.dk\/?page_id=102","title":{"rendered":"Kontakt"},"content":{"rendered":"<p>[et_pb_section fb_built=&#8221;1&#8243; _builder_version=&#8221;4.16&#8243; custom_padding=&#8221;54px|0px|24px|0px&#8221; global_colors_info=&#8221;{}&#8221;][et_pb_row _builder_version=&#8221;4.16&#8243; module_alignment=&#8221;center&#8221; custom_padding=&#8221;27px|0px|0px|0px&#8221; global_colors_info=&#8221;{}&#8221;][et_pb_column type=&#8221;4_4&#8243; _builder_version=&#8221;4.16&#8243; custom_padding=&#8221;|||&#8221; global_colors_info=&#8221;{}&#8221; custom_padding__hover=&#8221;|||&#8221;][et_pb_post_title meta=&#8221;off&#8221; featured_image=&#8221;off&#8221; _builder_version=&#8221;4.16&#8243; text_orientation=&#8221;center&#8221; global_colors_info=&#8221;{}&#8221;][\/et_pb_post_title][et_pb_blurb _builder_version=&#8221;4.16&#8243; global_colors_info=&#8221;{}&#8221;]<\/p>\n<p style=\"text-align: left;\">Denne side indholder alle kontaktinformationerne du ville skulle bruge. F\u00f8rst find den rigtige sektion, og derefter personen du skal tale med.<\/p>\n<p>[\/et_pb_blurb][\/et_pb_column][\/et_pb_row][\/et_pb_section][et_pb_section fb_built=&#8221;1&#8243; _builder_version=&#8221;4.16&#8243; custom_padding=&#8221;0px|0px|0px|0px&#8221; global_colors_info=&#8221;{}&#8221;][et_pb_row _builder_version=&#8221;4.16&#8243; custom_padding=&#8221;27px|0px|0px|0px&#8221; global_colors_info=&#8221;{}&#8221;][et_pb_column type=&#8221;4_4&#8243; _builder_version=&#8221;4.16&#8243; custom_padding=&#8221;|||&#8221; global_colors_info=&#8221;{}&#8221; custom_padding__hover=&#8221;|||&#8221;][et_pb_text _builder_version=&#8221;4.16&#8243; global_colors_info=&#8221;{}&#8221;]<\/p>\n<h2 style=\"text-align: center;\">Bestyrelsen<\/h2>\n<p>[\/et_pb_text][\/et_pb_column][\/et_pb_row][et_pb_row _builder_version=&#8221;4.16&#8243; module_alignment=&#8221;center&#8221; custom_padding=&#8221;20px|0px|27px|0px&#8221; global_colors_info=&#8221;{}&#8221; column_structure=&#8221;1_4,1_4,1_4,1_4&#8243;][et_pb_column type=&#8221;1_4&#8243; _builder_version=&#8221;4.16&#8243; custom_padding=&#8221;|||&#8221; global_colors_info=&#8221;{}&#8221; custom_padding__hover=&#8221;|||&#8221;][et_pb_team_member name=&#8221;Flemming Jensen&#8221; position=&#8221;Formand&#8221; image_url=&#8221;https:\/\/upload.wikimedia.org\/wikipedia\/commons\/thumb\/a\/ad\/Placeholder_no_text.svg\/2000px-Placeholder_no_text.svg.png&#8221; _builder_version=&#8221;4.16&#8243; animation_style=&#8221;fade&#8221; global_colors_info=&#8221;{}&#8221;]<\/p>\n<p style=\"text-align: left;\">Hjulets Kvarter 334A<\/p>\n<p style=\"text-align: left;\">Tlf. 20 19 40 02<\/p>\n<p style=\"text-align: left;\">Flemming.Uffe@Gmail.com<\/p>\n<p>[\/et_pb_team_member][\/et_pb_column][et_pb_column type=&#8221;1_4&#8243; _builder_version=&#8221;4.16&#8243; custom_padding=&#8221;|||&#8221; global_colors_info=&#8221;{}&#8221; custom_padding__hover=&#8221;|||&#8221;][et_pb_team_member name=&#8221;Gerda Bue Jensen&#8221; position=&#8221;Bestyrelsesmedlem&#8221; image_url=&#8221;https:\/\/upload.wikimedia.org\/wikipedia\/commons\/thumb\/a\/ad\/Placeholder_no_text.svg\/2000px-Placeholder_no_text.svg.png&#8221; _builder_version=&#8221;4.16&#8243; global_colors_info=&#8221;{}&#8221;]<\/p>\n<p>Hjulets Kvarter 332A<\/p>\n<p>Tlf. 30 58 62 78<\/p>\n<p>GerdaBue@Gmail.com<\/p>\n<p>[\/et_pb_team_member][\/et_pb_column][et_pb_column type=&#8221;1_4&#8243; _builder_version=&#8221;4.16&#8243; custom_padding=&#8221;|||&#8221; global_colors_info=&#8221;{}&#8221; custom_padding__hover=&#8221;|||&#8221;][et_pb_team_member name=&#8221;Rasmus Raabjerg&#8221; position=&#8221;Bestyrelsesmedlem&#8221; image_url=&#8221;https:\/\/upload.wikimedia.org\/wikipedia\/commons\/thumb\/a\/ad\/Placeholder_no_text.svg\/2000px-Placeholder_no_text.svg.png&#8221; _builder_version=&#8221;4.16&#8243; global_colors_info=&#8221;{}&#8221;]Hjulets Kvarter 380A<\/p>\n<p>Tlf. 26 15 80 80<\/p>\n<p>Raabjerg@Me.com[\/et_pb_team_member][\/et_pb_column][et_pb_column type=&#8221;1_4&#8243; _builder_version=&#8221;4.16&#8243; custom_padding=&#8221;|||&#8221; global_colors_info=&#8221;{}&#8221; custom_padding__hover=&#8221;|||&#8221;][et_pb_team_member name=&#8221;Marianne M Andersen&#8221; position=&#8221;Bestyrelsesmedlem&#8221; image_url=&#8221;https:\/\/upload.wikimedia.org\/wikipedia\/commons\/thumb\/a\/ad\/Placeholder_no_text.svg\/2000px-Placeholder_no_text.svg.png&#8221; _builder_version=&#8221;4.16&#8243; global_colors_info=&#8221;{}&#8221;]Hjulets Kvarter 372A<\/p>\n<p>Tlf. 65 93 26 18<\/p>\n<p>Marianne.M.Andersen@Mail.dk[\/et_pb_team_member][\/et_pb_column][\/et_pb_row][et_pb_row _builder_version=&#8221;4.16&#8243; custom_padding=&#8221;0px|0px|0px|0px&#8221; global_colors_info=&#8221;{}&#8221; column_structure=&#8221;1_4,1_4,1_4,1_4&#8243;][et_pb_column type=&#8221;1_4&#8243; _builder_version=&#8221;4.16&#8243; custom_padding=&#8221;|||&#8221; global_colors_info=&#8221;{}&#8221; custom_padding__hover=&#8221;|||&#8221;][et_pb_team_member name=&#8221;Susanne \u00d8sterkj\u00e6rhuus &#8221; position=&#8221;Bestyrelsesmedlem&#8221; image_url=&#8221;https:\/\/upload.wikimedia.org\/wikipedia\/commons\/thumb\/a\/ad\/Placeholder_no_text.svg\/2000px-Placeholder_no_text.svg.png&#8221; _builder_version=&#8221;4.16&#8243; global_colors_info=&#8221;{}&#8221;]Hjulets Kvarter 316C<\/p>\n<p>Tlf. 40 96 18 46<\/p>\n<p>Susannehuus@gmail.com[\/et_pb_team_member][\/et_pb_column][et_pb_column type=&#8221;1_4&#8243; _builder_version=&#8221;4.16&#8243; custom_padding=&#8221;|||&#8221; global_colors_info=&#8221;{}&#8221; custom_padding__hover=&#8221;|||&#8221;][et_pb_team_member position=&#8221;Suppleant&#8221; image_url=&#8221;https:\/\/upload.wikimedia.org\/wikipedia\/commons\/thumb\/a\/ad\/Placeholder_no_text.svg\/2000px-Placeholder_no_text.svg.png&#8221; _builder_version=&#8221;4.16&#8243; global_colors_info=&#8221;{}&#8221;]<\/p>\n<p>&nbsp;<\/p>\n<p>&nbsp;<\/p>\n<p>&nbsp;<\/p>\n<p>[\/et_pb_team_member][\/et_pb_column][et_pb_column type=&#8221;1_4&#8243; _builder_version=&#8221;4.16&#8243; custom_padding=&#8221;|||&#8221; global_colors_info=&#8221;{}&#8221; custom_padding__hover=&#8221;|||&#8221;][\/et_pb_column][et_pb_column type=&#8221;1_4&#8243; _builder_version=&#8221;4.16&#8243; custom_padding=&#8221;|||&#8221; global_colors_info=&#8221;{}&#8221; custom_padding__hover=&#8221;|||&#8221;][\/et_pb_column][\/et_pb_row][\/et_pb_section][et_pb_section fb_built=&#8221;1&#8243; _builder_version=&#8221;4.16&#8243; custom_padding=&#8221;0px|0px|54px|0px&#8221; global_colors_info=&#8221;{}&#8221;][et_pb_row _builder_version=&#8221;4.16&#8243; custom_padding=&#8221;27px|0px|0px|0px&#8221; global_colors_info=&#8221;{}&#8221;][et_pb_column type=&#8221;4_4&#8243; _builder_version=&#8221;4.16&#8243; custom_padding=&#8221;|||&#8221; global_colors_info=&#8221;{}&#8221; custom_padding__hover=&#8221;|||&#8221;][et_pb_text _builder_version=&#8221;4.16&#8243; global_colors_info=&#8221;{}&#8221;]<\/p>\n<h2 style=\"text-align: center;\">Ejendomsmestre<\/h2>\n<p>[\/et_pb_text][\/et_pb_column][\/et_pb_row][et_pb_row _builder_version=&#8221;4.16&#8243; module_alignment=&#8221;center&#8221; custom_padding=&#8221;20px|0px|27px|0px&#8221; global_colors_info=&#8221;{}&#8221; column_structure=&#8221;1_4,1_4,1_2&#8243;][et_pb_column type=&#8221;1_4&#8243; _builder_version=&#8221;4.16&#8243; custom_padding=&#8221;|||&#8221; global_colors_info=&#8221;{}&#8221; custom_padding__hover=&#8221;|||&#8221;][et_pb_team_member name=&#8221;Ulrik Brolund Hansen&#8221; position=&#8221;Ejendomsmester&#8221; image_url=&#8221;https:\/\/upload.wikimedia.org\/wikipedia\/commons\/thumb\/a\/ad\/Placeholder_no_text.svg\/2000px-Placeholder_no_text.svg.png&#8221; _builder_version=&#8221;4.16&#8243; animation_style=&#8221;fade&#8221; global_colors_info=&#8221;{}&#8221;][\/et_pb_team_member][et_pb_team_member _builder_version=&#8221;4.16&#8243; global_colors_info=&#8221;{}&#8221;][\/et_pb_team_member][\/et_pb_column][et_pb_column type=&#8221;1_4&#8243; _builder_version=&#8221;4.16&#8243; custom_padding=&#8221;|||&#8221; global_colors_info=&#8221;{}&#8221; custom_padding__hover=&#8221;|||&#8221;][et_pb_team_member position=&#8221;Ejendomsfunktion\u00e6r&#8221; image_url=&#8221;https:\/\/upload.wikimedia.org\/wikipedia\/commons\/thumb\/a\/ad\/Placeholder_no_text.svg\/2000px-Placeholder_no_text.svg.png&#8221; _builder_version=&#8221;4.16&#8243; animation_style=&#8221;fade&#8221; global_colors_info=&#8221;{}&#8221;][\/et_pb_team_member][\/et_pb_column][et_pb_column type=&#8221;1_2&#8243; _builder_version=&#8221;4.16&#8243; custom_padding=&#8221;|||&#8221; global_colors_info=&#8221;{}&#8221; custom_padding__hover=&#8221;|||&#8221;][et_pb_blurb _builder_version=&#8221;4.16&#8243; global_colors_info=&#8221;{}&#8221;]<\/p>\n<p>Telefon til ejendomsmesterkontoret er: <strong>63 133 180.<\/strong><\/p>\n<p>Mail til varmemesteren : <a href=\"mailto:Syd@civica.dk\">Syd@civica.dk<\/a>\u00a0<span style=\"font-size: 14px;\">\u00a0<\/span><\/p>\n<p><strong>Telefontid:<\/strong><\/p>\n<p>Mandag til fredag 11.30-12.00<\/p>\n<p>Mandag til fredag 07.00-07.30<\/p>\n<p><strong style=\"font-size: 14px;\">N\u00e5r uheldet er ude, eller der sker skader i din bolig, eller i afdelingen uden for \u00e5bningstiden, skal det v\u00e6re nemt at f\u00e5 hj\u00e6lp:\u00a0<\/strong><\/p>\n<p><span style=\"font-size: 14px;\">Akutnummer 70 25 02 01.<\/span><\/p>\n<p>[\/et_pb_blurb][\/et_pb_column][\/et_pb_row][\/et_pb_section][et_pb_section fb_built=&#8221;1&#8243; _builder_version=&#8221;4.16&#8243; global_colors_info=&#8221;{}&#8221;][et_pb_row _builder_version=&#8221;4.16&#8243; global_colors_info=&#8221;{}&#8221;][et_pb_column type=&#8221;4_4&#8243; _builder_version=&#8221;4.16&#8243; custom_padding=&#8221;|||&#8221; global_colors_info=&#8221;{}&#8221; custom_padding__hover=&#8221;|||&#8221;][\/et_pb_column][\/et_pb_row][\/et_pb_section]<\/p>\n","protected":false},"excerpt":{"rendered":"<p>Denne side indholder alle kontaktinformationerne du ville skulle bruge. F\u00f8rst find den rigtige sektion, og derefter personen du skal tale med.BestyrelsenHjulets Kvarter 334A Tlf. 20 19 40 02 Flemming.Uffe@Gmail.comHjulets Kvarter 332A Tlf. 30 58 62 78 GerdaBue@Gmail.comHjulets Kvarter 380A Tlf. 26 15 80 80 Raabjerg@Me.comHjulets Kvarter 372A Tlf. 65 93 26 18 Marianne.M.Andersen@Mail.dkHjulets Kvarter 316C [&hellip;]<\/p>\n","protected":false},"author":1,"featured_media":0,"parent":0,"menu_order":0,"comment_status":"closed","ping_status":"closed","template":"","meta":{"_et_pb_use_builder":"on","_et_pb_old_content":"","_et_gb_content_width":"","footnotes":""},"class_list":["post-102","page","type-page","status-publish","hentry"],"_links":{"self":[{"href":"https:\/\/www.hollufhave.dk\/index.php?rest_route=\/wp\/v2\/pages\/102","targetHints":{"allow":["GET"]}}],"collection":[{"href":"https:\/\/www.hollufhave.dk\/index.php?rest_route=\/wp\/v2\/pages"}],"about":[{"href":"https:\/\/www.hollufhave.dk\/index.php?rest_route=\/wp\/v2\/types\/page"}],"author":[{"embeddable":true,"href":"https:\/\/www.hollufhave.dk\/index.php?rest_route=\/wp\/v2\/users\/1"}],"replies":[{"embeddable":true,"href":"https:\/\/www.hollufhave.dk\/index.php?rest_route=%2Fwp%2Fv2%2Fcomments&post=102"}],"version-history":[{"count":19,"href":"https:\/\/www.hollufhave.dk\/index.php?rest_route=\/wp\/v2\/pages\/102\/revisions"}],"predecessor-version":[{"id":899,"href":"https:\/\/www.hollufhave.dk\/index.php?rest_route=\/wp\/v2\/pages\/102\/revisions\/899"}],"wp:attachment":[{"href":"https:\/\/www.hollufhave.dk\/index.php?rest_route=%2Fwp%2Fv2%2Fmedia&parent=102"}],"curies":[{"name":"wp","href":"https:\/\/api.w.org\/{rel}","templated":true}]}}